{"id":16943,"date":"2025-03-24T20:48:17","date_gmt":"2025-03-24T20:48:17","guid":{"rendered":"https:\/\/themes.pixelwars.org\/mechano\/demo-01\/?page_id=16943"},"modified":"2025-12-22T20:27:05","modified_gmt":"2025-12-22T20:27:05","slug":"contact","status":"publish","type":"page","link":"https:\/\/anpserwis.pl\/ru\/contact\/","title":{"rendered":"\u041a\u043e\u043d\u0442\u0430\u043a\u0442\u044b"},"content":{"rendered":"<div data-elementor-type=\"wp-page\" data-elementor-id=\"16943\" class=\"elementor elementor-16943\" data-elementor-post-type=\"page\">\n\t\t\t\t\t\t<section class=\"elementor-section elementor-top-section elementor-element elementor-element-43342c9c elementor-section-height-min-height -bg-dark elementor-section-boxed elementor-section-height-default elementor-section-items-middle\" data-id=\"43342c9c\" data-element_type=\"section\" data-settings=\"{&quot;background_background&quot;:&quot;classic&quot;}\">\n\t\t\t\t\t\t\t<div class=\"elementor-background-overlay\"><\/div>\n\t\t\t\t\t\t\t<div class=\"elementor-container elementor-column-gap-default\">\n\t\t\t\t\t<div class=\"elementor-column elementor-col-100 elementor-top-column elementor-element elementor-element-6ca37a2c\" data-id=\"6ca37a2c\" data-element_type=\"column\">\n\t\t\t<div class=\"elementor-widget-wrap elementor-element-populated\">\n\t\t\t\t\t\t<section class=\"elementor-section elementor-inner-section elementor-element elementor-element-18a4920e elementor-section-boxed elementor-section-height-default elementor-section-height-default\" data-id=\"18a4920e\" data-element_type=\"section\">\n\t\t\t\t\t\t<div class=\"elementor-container elementor-column-gap-default\">\n\t\t\t\t\t<div class=\"elementor-column elementor-col-50 elementor-inner-column elementor-element elementor-element-215581fc\" data-id=\"215581fc\" data-element_type=\"column\">\n\t\t\t<div class=\"elementor-widget-wrap elementor-element-populated\">\n\t\t\t\t\t\t<div class=\"elementor-element elementor-element-e7795fd elementor-widget elementor-widget-qi_addons_for_elementor_animated_text\" data-id=\"e7795fd\" data-element_type=\"widget\" data-widget_type=\"qi_addons_for_elementor_animated_text.default\">\n\t\t\t\t<div class=\"elementor-widget-container\">\n\t\t\t\t\t<div class=\"qodef-shortcode qodef-m qodef-qi-animated-text qodef--animated-by-word qodef-qi--has-appear qodef--appear-from-right\" >\n\t\t<h3 class=\"qodef-m-title\">\n\t\t<span class=\"qodef-e-word\">\u2014<\/span> <span class=\"qodef-e-word\"><\/span> <span class=\"qodef-e-word\">\u041a\u043e\u043d\u0442\u0430\u043a\u0442\u044b<\/span>\t<\/h3>\n<\/div>\n\t\t\t\t<\/div>\n\t\t\t\t<\/div>\n\t\t\t\t<div class=\"elementor-element elementor-element-63c07f2c elementor-widget elementor-widget-spacer\" data-id=\"63c07f2c\" data-element_type=\"widget\" data-widget_type=\"spacer.default\">\n\t\t\t\t\t\t\t<div class=\"elementor-spacer\">\n\t\t\t<div class=\"elementor-spacer-inner\"><\/div>\n\t\t<\/div>\n\t\t\t\t\t\t<\/div>\n\t\t\t\t\t<\/div>\n\t\t<\/div>\n\t\t\t\t<div class=\"elementor-column elementor-col-50 elementor-inner-column elementor-element elementor-element-4bf2a5d2\" data-id=\"4bf2a5d2\" data-element_type=\"column\">\n\t\t\t<div class=\"elementor-widget-wrap elementor-element-populated\">\n\t\t\t\t\t\t<div class=\"elementor-element elementor-element-63ab94a elementor-invisible elementor-widget elementor-widget-qi_addons_for_elementor_animated_text\" data-id=\"63ab94a\" data-element_type=\"widget\" data-settings=\"{&quot;_animation&quot;:&quot;fadeIn&quot;}\" data-widget_type=\"qi_addons_for_elementor_animated_text.default\">\n\t\t\t\t<div class=\"elementor-widget-container\">\n\t\t\t\t\t<div class=\"qodef-shortcode qodef-m qodef-qi-animated-text qodef--animated-by-letter qodef-qi--has-appear qodef--appear-fade\" >\n\t\t<h1 class=\"qodef-m-title\">\n\t\t<span class=\"qodef-e-word-holder\">\u041a\u043e\u043d\u0442\u0430\u043a\u0442\u044b<\/span>\t<\/h1>\n<\/div>\n\t\t\t\t<\/div>\n\t\t\t\t<\/div>\n\t\t\t\t\t<\/div>\n\t\t<\/div>\n\t\t\t\t\t<\/div>\n\t\t<\/section>\n\t\t<div class=\"elementor-element elementor-element-e944132 e-flex e-con-boxed e-con e-parent\" data-id=\"e944132\" data-element_type=\"container\">\n\t\t\t\t\t<div class=\"e-con-inner\">\n\t\t<div class=\"elementor-element elementor-element-40100cc e-con-full e-flex e-con e-child\" data-id=\"40100cc\" data-element_type=\"container\">\n\t\t\t\t<div class=\"elementor-element elementor-element-d668f81 elementor-widget elementor-widget-text-editor\" data-id=\"d668f81\" data-element_type=\"widget\" data-widget_type=\"text-editor.default\">\n\t\t\t\t\t\t\t\t\t<h3><span style=\"color: #ffffff;\"><strong>\u0412\u0440\u0435\u043c\u044f \u0440\u0430\u0431\u043e\u0442\u044b:<\/strong><\/span><\/h3><ul><li class=\"translation-block\"><strong>\u041f\u043e\u043d\u0435\u0434\u0435\u043b\u044c\u043d\u0438\u043a \u2014 \u041f\u044f\u0442\u043d\u0438\u0446\u0430: <\/strong>\u0441 9:00 \u0434\u043e 18:00<\/li><li class=\"translation-block\"><strong>\u0421\u0443\u0431\u0431\u043e\u0442\u0430: <\/strong>\u00a0\u0441 9:00 \u0434\u043e 14:00<\/li><li class=\"translation-block\">\u0412\u043e\u0441\u043a\u0440\u0435\u0441\u0435\u043d\u044c\u0435: \u0432\u044b\u0445\u043e\u0434\u043d\u043e\u0439<\/li><\/ul>\t\t\t\t\t\t\t\t<\/div>\n\t\t\t\t<\/div>\n\t\t<div class=\"elementor-element elementor-element-5501857 e-con-full e-flex e-con e-child\" data-id=\"5501857\" data-element_type=\"container\">\n\t\t\t\t<div class=\"elementor-element elementor-element-e57353b elementor-widget elementor-widget-text-editor\" data-id=\"e57353b\" data-element_type=\"widget\" data-widget_type=\"text-editor.default\">\n\t\t\t\t\t\t\t\t\t<h3><span style=\"color: #ffffff;\"><strong>\u041a\u043e\u043d\u0442\u0430\u043a\u0442\u043d\u0430\u044f \u0438\u043d\u0444\u043e\u0440\u043c\u0430\u0446\u0438\u044f:<\/strong><\/span><\/h3><ul><li><strong>\u0422\u0435\u043b\u0435\u0444\u043e\u043d<\/strong>\u00a0+48 888 759 846<\/li><li><strong>\u0410\u0434\u0440\u0435\u0441:<\/strong>\u00a0ul. Kordeckiego 39, 60-123 Pozna\u0144<\/li><li><strong>\u0420\u0430\u0441\u043f\u043e\u043b\u043e\u0436\u0435\u043d\u0438\u0435:<\/strong>\u00a0250 \u043c \u043e\u0442 \u0442\u0440\u0430\u043c\u0432\u0430\u0439\u043d\u043e\u0439 \u043e\u0441\u0442\u0430\u043d\u043e\u0432\u043a\u0438 \u043d\u0430 \u0443\u043b\u0438\u0446\u0435 G\u0142ogowskiej<\/li><\/ul>\t\t\t\t\t\t\t\t<\/div>\n\t\t\t\t<\/div>\n\t\t\t\t\t<\/div>\n\t\t\t\t<\/div>\n\t\t\t\t<section class=\"elementor-section elementor-inner-section elementor-element elementor-element-63a0017d elementor-section-full_width elementor-section-height-default elementor-section-height-default\" data-id=\"63a0017d\" data-element_type=\"section\">\n\t\t\t\t\t\t<div class=\"elementor-container elementor-column-gap-default\">\n\t\t\t\t\t<div class=\"elementor-column elementor-col-50 elementor-inner-column elementor-element elementor-element-f9775e7\" data-id=\"f9775e7\" data-element_type=\"column\">\n\t\t\t<div class=\"elementor-widget-wrap elementor-element-populated\">\n\t\t\t\t\t\t<div class=\"elementor-element elementor-element-4e4f2a15 animated-slow elementor-invisible elementor-widget elementor-widget-heading\" data-id=\"4e4f2a15\" data-element_type=\"widget\" data-settings=\"{&quot;_animation&quot;:&quot;fadeIn&quot;}\" data-widget_type=\"heading.default\">\n\t\t\t\t\t<h3 class=\"elementor-heading-title elementor-size-default\">\u0414\u043e\u0432\u0435\u0440\u044c\u0442\u0435 \u0441\u0432\u043e\u0439 \u0430\u0432\u0442\u043e\u043c\u043e\u0431\u0438\u043b\u044c \u043f\u0440\u043e\u0444\u0435\u0441\u0441\u0438\u043e\u043d\u0430\u043b\u0430\u043c \u0438\u0437 ANP Serwis \u2013 \u043c\u044b \u043f\u043e\u0437\u0430\u0431\u043e\u0442\u0438\u043c\u0441\u044f \u043e \u0435\u0433\u043e \u043d\u0430\u0434\u0435\u0436\u043d\u043e\u0441\u0442\u0438 \u0438 \u0431\u0435\u0437\u043e\u043f\u0430\u0441\u043d\u043e\u0441\u0442\u0438!<\/h3>\t\t\t\t<\/div>\n\t\t\t\t\t<\/div>\n\t\t<\/div>\n\t\t\t\t<div class=\"elementor-column elementor-col-50 elementor-inner-column elementor-element elementor-element-2c56ce5a\" data-id=\"2c56ce5a\" data-element_type=\"column\">\n\t\t\t<div class=\"elementor-widget-wrap elementor-element-populated\">\n\t\t\t\t\t\t<div class=\"elementor-element elementor-element-788a9d8 elementor-widget elementor-widget-qi_addons_for_elementor_button\" data-id=\"788a9d8\" data-element_type=\"widget\" data-widget_type=\"qi_addons_for_elementor_button.default\">\n\t\t\t\t<div class=\"elementor-widget-container\">\n\t\t\t\t\t<a class=\"qodef-shortcode qodef-m qodef-qi-button qodef-html--link qodef-layout--filled qodef-type--standard qodef-size--full qodef-icon--right qodef-hover--icon-move-horizontal-short\" href=\"https:\/\/www.google.com\/maps\/place\/Auto+serwis+ANP\/@52.383815,16.877674,20z\/data=!4m6!3m5!1s0x4704459b2328f5e1:0xf126b841e3de177a!8m2!3d52.3838128!4d16.8775684!16s%2Fg%2F11tk8rjxgz?hl=ru-RU&#038;entry=ttu&#038;g_ep=EgoyMDI1MDgyNS4wIKXMDSoASAFQAw%3D%3D\" target=\"_self\">\n\t<span class=\"qodef-m-text\">\u041f\u0415\u0440\u0435\u0439\u0442\u0438 \u043d\u0430 Google maps<\/span>\n\t\t<span class=\"qodef-m-icon\">\n\t\t<span class=\"qodef-m-icon-inner\">\n\t\t\t<svg xmlns=\"http:\/\/www.w3.org\/2000\/svg\" height=\"21\" viewbox=\"0 0 21 21\" width=\"21\"><g fill=\"none\" fill-rule=\"evenodd\" stroke=\"currentColor\" stroke-linecap=\"round\" stroke-linejoin=\"round\" transform=\"translate(6 6)\"><path d=\"m8.5 7.5v-7h-7\"><\/path><path d=\"m8.5.5-8 8\"><\/path><\/g><\/svg>\t\t\t\t\t<\/span>\n\t<\/span>\n<\/a>\n\t\t\t\t<\/div>\n\t\t\t\t<\/div>\n\t\t\t\t\t<\/div>\n\t\t<\/div>\n\t\t\t\t\t<\/div>\n\t\t<\/section>\n\t\t<div class=\"elementor-element elementor-element-646cff92 e-flex e-con-boxed e-con e-parent\" data-id=\"646cff92\" data-element_type=\"container\">\n\t\t\t\t\t<div class=\"e-con-inner\">\n\t\t<div class=\"elementor-element elementor-element-e373172 e-con-full e-flex e-con e-child\" data-id=\"e373172\" data-element_type=\"container\">\n\t\t\t\t<div class=\"elementor-element elementor-element-4028a35b elementor-widget elementor-widget-text-editor\" data-id=\"4028a35b\" data-element_type=\"widget\" data-widget_type=\"text-editor.default\">\n\t\t\t\t\t\t\t\t\t<iframe style=\"border: 0;\" src=\"https:\/\/www.google.com\/maps\/embed?pb=!1m18!1m12!1m3!1d1448.0264132772288!2d16.87748549831774!3d52.38346629537622!2m3!1f0!2f0!3f0!3m2!1i1024!2i768!4f13.1!3m3!1m2!1s0x4704459b2328f5e1%3A0xf126b841e3de177a!2sAuto%20serwis%20ANP!5e0!3m2!1sru!2sby!4v1756380327705!5m2!1sru!2sby\" width=\"600\" height=\"450\" allowfullscreen=\"allowfullscreen\"><\/iframe>\t\t\t\t\t\t\t\t<\/div>\n\t\t\t\t<\/div>\n\t\t<div class=\"elementor-element elementor-element-7d8422b e-con-full e-flex e-con e-child\" data-id=\"7d8422b\" data-element_type=\"container\">\n\t\t\t\t<div class=\"elementor-element elementor-element-ea9eb52 elementor-invisible elementor-widget elementor-widget-qi_addons_for_elementor_animated_text\" data-id=\"ea9eb52\" data-element_type=\"widget\" data-settings=\"{&quot;_animation&quot;:&quot;fadeIn&quot;}\" data-widget_type=\"qi_addons_for_elementor_animated_text.default\">\n\t\t\t\t<div class=\"elementor-widget-container\">\n\t\t\t\t\t<div class=\"qodef-shortcode qodef-m qodef-qi-animated-text qodef--animated-by-letter qodef-qi--has-appear qodef--appear-fade\" >\n\t\t<h1 class=\"qodef-m-title translation-block\"><span class=\"qodef-e-word-holder\">\n<span class=\"qodef-e-character\">\u041d<\/span>\n<span class=\"qodef-e-character\">\u0435<\/span>\n<span class=\"qodef-e-character\">\u043e<\/span>\n<span class=\"qodef-e-character\">\u0431<\/span>\n<span class=\"qodef-e-character\">\u0445<\/span>\n<span class=\"qodef-e-character\">\u043e<\/span>\n<span class=\"qodef-e-character\">\u0434<\/span>\n<span class=\"qodef-e-character\">\u0438<\/span>\n<span class=\"qodef-e-character\">\u043c<\/span>\n<span class=\"qodef-e-character\">\u0430<\/span>\n<\/span> <span class=\"qodef-e-word-holder\">\n<span class=\"qodef-e-character\">\u043f<\/span>\n<span class=\"qodef-e-character\">\u043e<\/span>\n\n<span class=\"qodef-e-character\">\u043c<\/span>\n<span class=\"qodef-e-character\">\u043e<\/span>\n<span class=\"qodef-e-character\">\u0449<\/span>\n<span class=\"qodef-e-character\">\u044c<\/span>\n<\/span> <span class=\"qodef-e-word-holder\">\n<span class=\"qodef-e-character\">\u0441<\/span>\n<\/span> <span class=\"qodef-e-word-holder\">\n<span class=\"qodef-e-character\">\u0440<\/span>\n\n<span class=\"qodef-e-character\">\u0435<\/span>\n<span class=\"qodef-e-character\">\u043c<\/span>\n<span class=\"qodef-e-character\">\u043e<\/span>\n<span class=\"qodef-e-character\">\u043d<\/span>\n<span class=\"qodef-e-character\">\u0442<\/span>\n<span class=\"qodef-e-character\">\u043e<\/span>\n<span class=\"qodef-e-character\">\u043c?<\/span><\/span><\/h1>\n<\/div>\n\t\t\t\t<\/div>\n\t\t\t\t<\/div>\n\t\t\t\t<div class=\"elementor-element elementor-element-44fe90eb elementor-widget elementor-widget-qi_addons_for_elementor_wp_forms\" data-id=\"44fe90eb\" data-element_type=\"widget\" data-widget_type=\"qi_addons_for_elementor_wp_forms.default\">\n\t\t\t\t<div class=\"elementor-widget-container\">\n\t\t\t\t\t<div class=\"qodef-shortcode qodef-m qodef-qi-wp-forms\">\n\t<style id=\"wpforms-css-vars-17986\">\n\t\t\t\t#wpforms-17986 {\n\t\t\t\t--wpforms-field-border-color: #cbcacb;\n--wpforms-field-border-color-spare: #cbcacb;\n--wpforms-field-text-color: #000000;\n--wpforms-label-color: #000000;\n--wpforms-label-sublabel-color: #ffffff;\n--wpforms-label-error-color: #d63636;\n--wpforms-button-background-color: #2e2c2f;\n--wpforms-button-border-color: #cccccc;\n--wpforms-button-text-color: #eaeaea;\n--wpforms-container-border-radius: 0px;\n--wpforms-background-color: rgba(0, 0, 0, 0);\n--wpforms-page-break-color: #2e2c2f;\n--wpforms-field-size-input-height: 43px;\n--wpforms-field-size-input-spacing: 15px;\n--wpforms-field-size-font-size: 16px;\n--wpforms-field-size-line-height: 19px;\n--wpforms-field-size-padding-h: 14px;\n--wpforms-field-size-checkbox-size: 16px;\n--wpforms-field-size-sublabel-spacing: 5px;\n--wpforms-field-size-icon-size: 1;\n--wpforms-label-size-font-size: 16px;\n--wpforms-label-size-line-height: 19px;\n--wpforms-label-size-sublabel-font-size: 14px;\n--wpforms-label-size-sublabel-line-height: 17px;\n--wpforms-button-size-font-size: 14px;\n--wpforms-button-size-height: 37px;\n--wpforms-button-size-padding-h: 15px;\n--wpforms-button-size-margin-top: 5px;\n--wpforms-container-shadow-size-box-shadow: none;\n\n\t\t\t}\n\t\t\t<\/style><style id=\"wpforms-css-vars-17986-custom-css\">\n\t\t\t\t#wpforms-17986 {\n\t\t\t\t\tfont-family: &#039;Onest&#039;\n\t\t\t\t}\n\t\t\t<\/style><div class=\"wpforms-container wpforms-container-full wpforms-render-modern\" id=\"wpforms-17986\"><form id=\"wpforms-form-17986\" class=\"wpforms-validate wpforms-form wpforms-ajax-form\" data-formid=\"17986\" method=\"post\" enctype=\"multipart\/form-data\" action=\"\/ru\/wp-json\/wp\/v2\/pages\/16943\" data-token=\"9499dfff7d9bcc8808f579144b51d11a\" data-token-time=\"1776584799\" data-trp-original-action=\"\/ru\/wp-json\/wp\/v2\/pages\/16943\"><noscript class=\"wpforms-error-noscript\">\u0414\u043b\u044f \u0437\u0430\u043f\u043e\u043b\u043d\u0435\u043d\u0438\u044f \u0434\u0430\u043d\u043d\u043e\u0439 \u0444\u043e\u0440\u043c\u044b \u0432\u043a\u043b\u044e\u0447\u0438\u0442\u0435 JavaScript \u0432 \u0431\u0440\u0430\u0443\u0437\u0435\u0440\u0435.<\/noscript><div id=\"wpforms-error-noscript\" style=\"display: none;\">\u0414\u043b\u044f \u0437\u0430\u043f\u043e\u043b\u043d\u0435\u043d\u0438\u044f \u0434\u0430\u043d\u043d\u043e\u0439 \u0444\u043e\u0440\u043c\u044b \u0432\u043a\u043b\u044e\u0447\u0438\u0442\u0435 JavaScript \u0432 \u0431\u0440\u0430\u0443\u0437\u0435\u0440\u0435.<\/div><div class=\"wpforms-field-container\">\t\t<div id=\"wpforms-17986-field_2-container\"\n\t\t\tclass=\"wpforms-field wpforms-field-text\"\n\t\t\tdata-field-type=\"text\"\n\t\t\tdata-field-id=\"2\"\n\t\t\t>\n\t\t\t<label class=\"wpforms-field-label\" for=\"wpforms-17986-field_2\" >Nazwa Telefon \u041c\u0430\u043a\u0435\u0442<\/label>\n\t\t\t<input type=\"text\" id=\"wpforms-17986-field_2\" class=\"wpforms-field-medium\" name=\"wpforms[fields][2]\" >\n\t\t<\/div>\n\t\t<div id=\"wpforms-17986-field_7-container\" class=\"wpforms-field wpforms-field-layout\" data-field-id=\"7\"><div class=\"wpforms-field-layout-rows wpforms-field-large\"><div class=\"wpforms-layout-row\"><div class=\"wpforms-layout-column wpforms-layout-column-50\"><div id=\"wpforms-17986-field_1-container\" class=\"wpforms-field wpforms-field-name\" data-field-id=\"1\"><label class=\"wpforms-field-label\" for=\"wpforms-17986-field_1\">\u0418\u043c\u044f <span class=\"wpforms-required-label\" aria-hidden=\"true\">*<\/span><\/label><input type=\"text\" id=\"wpforms-17986-field_1\" class=\"wpforms-field-large wpforms-field-required\" name=\"wpforms[fields][1]\" aria-errormessage=\"wpforms-17986-field_1-error\" required><\/div><\/div><div class=\"wpforms-layout-column wpforms-layout-column-50\"><div id=\"wpforms-17986-field_8-container\" class=\"wpforms-field wpforms-field-phone\" data-field-id=\"8\"><label class=\"wpforms-field-label\" for=\"wpforms-17986-field_8\">\u0422\u0435\u043b\u0435\u0444\u043e\u043d <span class=\"wpforms-required-label\" aria-hidden=\"true\">*<\/span><\/label><input type=\"tel\" id=\"wpforms-17986-field_8\" class=\"wpforms-field-medium wpforms-field-required\" data-rule-int-phone-field=\"true\" name=\"wpforms[fields][8]\" aria-label=\"\u0422\u0435\u043b\u0435\u0444\u043e\u043d\" aria-errormessage=\"wpforms-17986-field_8-error\" required><\/div><\/div><\/div><\/div><\/div><script>\n\t\t\t\t( function() {\n\t\t\t\t\tconst style = document.createElement( 'style' );\n\t\t\t\t\tstyle.appendChild( document.createTextNode( '#wpforms-17986-field_2-container { position: absolute !important; overflow: hidden !important; display: inline !important; height: 1px !important; width: 1px !important; z-index: -1000 !important; padding: 0 !important; } #wpforms-17986-field_2-container input { visibility: hidden; } #wpforms-conversational-form-page #wpforms-17986-field_2-container label { counter-increment: none; }' ) );\n\t\t\t\t\tdocument.head.appendChild( style );\n\t\t\t\t\tdocument.currentScript?.remove();\n\t\t\t\t} )();\n\t\t\t<\/script><\/div><!-- .wpforms-field-container --><div class=\"wpforms-submit-container\" ><input type=\"hidden\" name=\"wpforms[id]\" value=\"17986\"><input type=\"hidden\" name=\"page_title\" value=\"\"><input type=\"hidden\" name=\"page_url\" value=\"https:\/\/anpserwis.pl\/ru\/wp-json\/wp\/v2\/pages\/16943\"><input type=\"hidden\" name=\"url_referer\" value=\"\"><button type=\"submit\" name=\"wpforms[submit]\" id=\"wpforms-submit-17986\" class=\"wpforms-submit\" data-alt-text=\"Przesy\u0142ka...\" data-submit-text=\"Popro\u015b o po\u0142\u0105czenie\" aria-live=\"assertive\" value=\"wpforms-submit\">\u041e\u0442\u043f\u0440\u0430\u0432\u0438\u0442\u044c<\/button><img decoding=\"async\" src=\"https:\/\/anpserwis.pl\/wp-content\/plugins\/wpforms\/assets\/images\/submit-spin.svg\" class=\"wpforms-submit-spinner\" style=\"display: none;\" width=\"26\" height=\"26\" alt=\"\u0417\u0430\u0433\u0440\u0443\u0437\u043a\u0430\"><\/div><input type=\"hidden\" name=\"trp-form-language\" value=\"ru\"\/><\/form><\/div>  <!-- .wpforms-container --><\/div>\n\t\t\t\t<\/div>\n\t\t\t\t<\/div>\n\t\t\t\t<\/div>\n\t\t\t\t\t<\/div>\n\t\t\t\t<\/div>\n\t\t\t\t\t<\/div>\n\t\t<\/div>\n\t\t\t\t\t<\/div>\n\t\t<\/section>\n\t\t\t\t<\/div>","protected":false},"excerpt":{"rendered":"<p>\u2014 Kontakt Kontakt Godziny otwarcia: Poniedzia\u0142ek &#8211; Pi\u0105tek:\u00a0\u0441 9:00 \u0434\u043e 18:00 Sobota:\u00a0\u0441 9:00 \u0434\u043e 14:00 Niedziela:\u00a0zamkni\u0119te Dane kontaktowe: Telefon\u00a0+48 888 759 846 Adres:\u00a0ul. Kordeckiego 39, 60-123 Pozna\u0144 Lokalizacja:\u00a0250m od przystanku tramwajowego przy ul. G\u0142ogowskiej Powierz sw\u00f3j samoch\u00f3d profesjonalistom z ANP Serwis \u2013 zadbamy o jego niezawodno\u015b\u0107 i bezpiecze\u0144stwo! Przejd\u017a do map Google Potrzebujesz pomocy w naprawie? \u0414\u043b\u044f \u0437\u0430\u043f\u043e\u043b\u043d\u0435\u043d\u0438\u044f \u0434\u0430\u043d\u043d\u043e\u0439 \u0444\u043e\u0440\u043c\u044b \u0432\u043a\u043b\u044e\u0447\u0438\u0442\u0435 JavaScript \u0432 \u0431\u0440\u0430\u0443\u0437\u0435\u0440\u0435.\u0414\u043b\u044f \u0437\u0430\u043f\u043e\u043b\u043d\u0435\u043d\u0438\u044f&#8230; <\/p>\n<p class=\"more\"><a class=\"more-link\" href=\"https:\/\/anpserwis.pl\/ru\/contact\/\">Read More<\/a><\/p>","protected":false},"author":1,"featured_media":0,"parent":0,"menu_order":0,"comment_status":"closed","ping_status":"closed","template":"elementor_header_footer","meta":{"inline_featured_image":false,"_monsterinsights_skip_tracking":false,"_monsterinsights_sitenote_active":false,"_monsterinsights_sitenote_note":"","_monsterinsights_sitenote_category":0,"footnotes":""},"class_list":["post-16943","page","type-page","status-publish","hentry","is-cat-link-borders-light is-cat-link-rounded"],"aioseo_notices":[],"_links":{"self":[{"href":"https:\/\/anpserwis.pl\/ru\/wp-json\/wp\/v2\/pages\/16943","targetHints":{"allow":["GET"]}}],"collection":[{"href":"https:\/\/anpserwis.pl\/ru\/wp-json\/wp\/v2\/pages"}],"about":[{"href":"https:\/\/anpserwis.pl\/ru\/wp-json\/wp\/v2\/types\/page"}],"author":[{"embeddable":true,"href":"https:\/\/anpserwis.pl\/ru\/wp-json\/wp\/v2\/users\/1"}],"replies":[{"embeddable":true,"href":"https:\/\/anpserwis.pl\/ru\/wp-json\/wp\/v2\/comments?post=16943"}],"version-history":[{"count":19,"href":"https:\/\/anpserwis.pl\/ru\/wp-json\/wp\/v2\/pages\/16943\/revisions"}],"predecessor-version":[{"id":19216,"href":"https:\/\/anpserwis.pl\/ru\/wp-json\/wp\/v2\/pages\/16943\/revisions\/19216"}],"wp:attachment":[{"href":"https:\/\/anpserwis.pl\/ru\/wp-json\/wp\/v2\/media?parent=16943"}],"curies":[{"name":"wp","href":"https:\/\/api.w.org\/{rel}","templated":true}]}}